{"id":2,"date":"2022-02-21T09:06:02","date_gmt":"2022-02-21T09:06:02","guid":{"rendered":"https:\/\/juccis.com\/vuokrataan\/?page_id=2"},"modified":"2022-04-28T10:47:08","modified_gmt":"2022-04-28T10:47:08","slug":"sample-page","status":"publish","type":"page","link":"https:\/\/juccis.com\/vuokrataan\/sample-page\/","title":{"rendered":"Vuokraus"},"content":{"rendered":"\n<p class=\"has-medium-font-size\">Vuokraus ja varaukset TAHKOcom:n kautta. Samasta paikasta saat majoitukseen lis\u00e4palvelut, jotta lomailu sujuisi helposti.<\/p>\n\n\n\n<p><\/p>\n\n\n\n<div class=\"wp-block-group\"><div class=\"wp-block-group__inner-container is-layout-flow wp-block-group-is-layout-flow\">\n<blockquote class=\"wp-block-quote has-text-align-center has-large-font-size is-layout-flow wp-block-quote-is-layout-flow\"><p><a href=\"https:\/\/shop.tahko.com\/M05773\/KOY+KILJUSENKALLIO+22+B+4\" target=\"_blank\" rel=\"noreferrer noopener\"><mark style=\"background-color:#ff6900\" class=\"has-inline-color\">Keskusvaraamo TAHKOcom<\/mark><\/a> \u25ba<\/p><\/blockquote>\n<\/div><\/div>\n\n\n\n<p><\/p>\n","protected":false},"excerpt":{"rendered":"<p>Vuokraus ja varaukset TAHKOcom:n kautta. Samasta paikasta saat majoitukseen lis\u00e4palvelut, jotta lomailu sujuisi helposti. Keskusvaraamo TAHKOcom \u25ba<\/p>\n","protected":false},"author":1,"featured_media":0,"parent":0,"menu_order":0,"comment_status":"closed","ping_status":"open","template":"","meta":{"footnotes":""},"class_list":["post-2","page","type-page","status-publish","hentry"],"yoast_head":"<!-- This site is optimized with the Yoast SEO plugin v27.5 - https:\/\/yoast.com\/product\/yoast-seo-wordpress\/ -->\n<title>Vuokraus - \u25c4 Vuokrataan \u25ba<\/title>\n<meta name=\"robots\" content=\"index, follow, max-snippet:-1, max-image-preview:large, max-video-preview:-1\" \/>\n<link rel=\"canonical\" href=\"https:\/\/juccis.com\/vuokrataan\/sample-page\/\" \/>\n<meta property=\"og:locale\" content=\"fi_FI\" \/>\n<meta property=\"og:type\" content=\"article\" \/>\n<meta property=\"og:title\" content=\"Vuokraus - \u25c4 Vuokrataan \u25ba\" \/>\n<meta property=\"og:description\" content=\"Vuokraus ja varaukset TAHKOcom:n kautta. Samasta paikasta saat majoitukseen lis\u00e4palvelut, jotta lomailu sujuisi helposti. Keskusvaraamo TAHKOcom \u25ba\" \/>\n<meta property=\"og:url\" content=\"https:\/\/juccis.com\/vuokrataan\/sample-page\/\" \/>\n<meta property=\"og:site_name\" content=\"\u25c4 Vuokrataan \u25ba\" \/>\n<meta property=\"article:modified_time\" content=\"2022-04-28T10:47:08+00:00\" \/>\n<meta property=\"og:image\" content=\"https:\/\/juccis.com\/vuokrataan\/wp-content\/uploads\/2023\/07\/IMG_20220801_070348-scaled.jpg\" \/>\n\t<meta property=\"og:image:width\" content=\"2560\" \/>\n\t<meta property=\"og:image:height\" content=\"1920\" \/>\n\t<meta property=\"og:image:type\" content=\"image\/jpeg\" \/>\n<meta name=\"twitter:card\" content=\"summary_large_image\" \/>\n<meta name=\"twitter:label1\" content=\"Arvioitu lukuaika\" \/>\n\t<meta name=\"twitter:data1\" content=\"1 minuutti\" \/>\n<script type=\"application\/ld+json\" class=\"yoast-schema-graph\">{\"@context\":\"https:\\\/\\\/schema.org\",\"@graph\":[{\"@type\":\"WebPage\",\"@id\":\"https:\\\/\\\/juccis.com\\\/vuokrataan\\\/sample-page\\\/\",\"url\":\"https:\\\/\\\/juccis.com\\\/vuokrataan\\\/sample-page\\\/\",\"name\":\"Vuokraus - \u25c4 Vuokrataan \u25ba\",\"isPartOf\":{\"@id\":\"https:\\\/\\\/juccis.com\\\/vuokrataan\\\/#website\"},\"datePublished\":\"2022-02-21T09:06:02+00:00\",\"dateModified\":\"2022-04-28T10:47:08+00:00\",\"breadcrumb\":{\"@id\":\"https:\\\/\\\/juccis.com\\\/vuokrataan\\\/sample-page\\\/#breadcrumb\"},\"inLanguage\":\"fi\",\"potentialAction\":[{\"@type\":\"ReadAction\",\"target\":[\"https:\\\/\\\/juccis.com\\\/vuokrataan\\\/sample-page\\\/\"]}]},{\"@type\":\"BreadcrumbList\",\"@id\":\"https:\\\/\\\/juccis.com\\\/vuokrataan\\\/sample-page\\\/#breadcrumb\",\"itemListElement\":[{\"@type\":\"ListItem\",\"position\":1,\"name\":\"Etusivu\",\"item\":\"https:\\\/\\\/juccis.com\\\/vuokrataan\\\/\"},{\"@type\":\"ListItem\",\"position\":2,\"name\":\"Vuokraus\"}]},{\"@type\":\"WebSite\",\"@id\":\"https:\\\/\\\/juccis.com\\\/vuokrataan\\\/#website\",\"url\":\"https:\\\/\\\/juccis.com\\\/vuokrataan\\\/\",\"name\":\"Tahko vuokrataan m\u00f6kki syv\u00e4rin rannasta\",\"description\":\"M\u00f6kki Tahkolla, Paritalo Villa Syv\u00e4ri, M\u00f6kki ihan rannassa, Rantam\u00f6kki Vuokrataan, Vuokrataan m\u00f6kki, Soutuvene, L\u00e4hell\u00e4 palveluja, mutta omassa rauhassa\",\"publisher\":{\"@id\":\"https:\\\/\\\/juccis.com\\\/vuokrataan\\\/#organization\"},\"potentialAction\":[{\"@type\":\"SearchAction\",\"target\":{\"@type\":\"EntryPoint\",\"urlTemplate\":\"https:\\\/\\\/juccis.com\\\/vuokrataan\\\/?s={search_term_string}\"},\"query-input\":{\"@type\":\"PropertyValueSpecification\",\"valueRequired\":true,\"valueName\":\"search_term_string\"}}],\"inLanguage\":\"fi\"},{\"@type\":\"Organization\",\"@id\":\"https:\\\/\\\/juccis.com\\\/vuokrataan\\\/#organization\",\"name\":\"juccis vuokraa\",\"url\":\"https:\\\/\\\/juccis.com\\\/vuokrataan\\\/\",\"logo\":{\"@type\":\"ImageObject\",\"inLanguage\":\"fi\",\"@id\":\"https:\\\/\\\/juccis.com\\\/vuokrataan\\\/#\\\/schema\\\/logo\\\/image\\\/\",\"url\":\"https:\\\/\\\/juccis.com\\\/vuokrataan\\\/wp-content\\\/uploads\\\/2022\\\/02\\\/cropped-logopienempi-5.png\",\"contentUrl\":\"https:\\\/\\\/juccis.com\\\/vuokrataan\\\/wp-content\\\/uploads\\\/2022\\\/02\\\/cropped-logopienempi-5.png\",\"width\":75,\"height\":72,\"caption\":\"juccis vuokraa\"},\"image\":{\"@id\":\"https:\\\/\\\/juccis.com\\\/vuokrataan\\\/#\\\/schema\\\/logo\\\/image\\\/\"}}]}<\/script>\n<!-- \/ Yoast SEO plugin. -->","yoast_head_json":{"title":"Vuokraus - \u25c4 Vuokrataan \u25ba","robots":{"index":"index","follow":"follow","max-snippet":"max-snippet:-1","max-image-preview":"max-image-preview:large","max-video-preview":"max-video-preview:-1"},"canonical":"https:\/\/juccis.com\/vuokrataan\/sample-page\/","og_locale":"fi_FI","og_type":"article","og_title":"Vuokraus - \u25c4 Vuokrataan \u25ba","og_description":"Vuokraus ja varaukset TAHKOcom:n kautta. Samasta paikasta saat majoitukseen lis\u00e4palvelut, jotta lomailu sujuisi helposti. Keskusvaraamo TAHKOcom \u25ba","og_url":"https:\/\/juccis.com\/vuokrataan\/sample-page\/","og_site_name":"\u25c4 Vuokrataan \u25ba","article_modified_time":"2022-04-28T10:47:08+00:00","og_image":[{"width":2560,"height":1920,"url":"https:\/\/juccis.com\/vuokrataan\/wp-content\/uploads\/2023\/07\/IMG_20220801_070348-scaled.jpg","type":"image\/jpeg"}],"twitter_card":"summary_large_image","twitter_misc":{"Arvioitu lukuaika":"1 minuutti"},"schema":{"@context":"https:\/\/schema.org","@graph":[{"@type":"WebPage","@id":"https:\/\/juccis.com\/vuokrataan\/sample-page\/","url":"https:\/\/juccis.com\/vuokrataan\/sample-page\/","name":"Vuokraus - \u25c4 Vuokrataan \u25ba","isPartOf":{"@id":"https:\/\/juccis.com\/vuokrataan\/#website"},"datePublished":"2022-02-21T09:06:02+00:00","dateModified":"2022-04-28T10:47:08+00:00","breadcrumb":{"@id":"https:\/\/juccis.com\/vuokrataan\/sample-page\/#breadcrumb"},"inLanguage":"fi","potentialAction":[{"@type":"ReadAction","target":["https:\/\/juccis.com\/vuokrataan\/sample-page\/"]}]},{"@type":"BreadcrumbList","@id":"https:\/\/juccis.com\/vuokrataan\/sample-page\/#breadcrumb","itemListElement":[{"@type":"ListItem","position":1,"name":"Etusivu","item":"https:\/\/juccis.com\/vuokrataan\/"},{"@type":"ListItem","position":2,"name":"Vuokraus"}]},{"@type":"WebSite","@id":"https:\/\/juccis.com\/vuokrataan\/#website","url":"https:\/\/juccis.com\/vuokrataan\/","name":"Tahko vuokrataan m\u00f6kki syv\u00e4rin rannasta","description":"M\u00f6kki Tahkolla, Paritalo Villa Syv\u00e4ri, M\u00f6kki ihan rannassa, Rantam\u00f6kki Vuokrataan, Vuokrataan m\u00f6kki, Soutuvene, L\u00e4hell\u00e4 palveluja, mutta omassa rauhassa","publisher":{"@id":"https:\/\/juccis.com\/vuokrataan\/#organization"},"potentialAction":[{"@type":"SearchAction","target":{"@type":"EntryPoint","urlTemplate":"https:\/\/juccis.com\/vuokrataan\/?s={search_term_string}"},"query-input":{"@type":"PropertyValueSpecification","valueRequired":true,"valueName":"search_term_string"}}],"inLanguage":"fi"},{"@type":"Organization","@id":"https:\/\/juccis.com\/vuokrataan\/#organization","name":"juccis vuokraa","url":"https:\/\/juccis.com\/vuokrataan\/","logo":{"@type":"ImageObject","inLanguage":"fi","@id":"https:\/\/juccis.com\/vuokrataan\/#\/schema\/logo\/image\/","url":"https:\/\/juccis.com\/vuokrataan\/wp-content\/uploads\/2022\/02\/cropped-logopienempi-5.png","contentUrl":"https:\/\/juccis.com\/vuokrataan\/wp-content\/uploads\/2022\/02\/cropped-logopienempi-5.png","width":75,"height":72,"caption":"juccis vuokraa"},"image":{"@id":"https:\/\/juccis.com\/vuokrataan\/#\/schema\/logo\/image\/"}}]}},"_links":{"self":[{"href":"https:\/\/juccis.com\/vuokrataan\/wp-json\/wp\/v2\/pages\/2","targetHints":{"allow":["GET"]}}],"collection":[{"href":"https:\/\/juccis.com\/vuokrataan\/wp-json\/wp\/v2\/pages"}],"about":[{"href":"https:\/\/juccis.com\/vuokrataan\/wp-json\/wp\/v2\/types\/page"}],"author":[{"embeddable":true,"href":"https:\/\/juccis.com\/vuokrataan\/wp-json\/wp\/v2\/users\/1"}],"replies":[{"embeddable":true,"href":"https:\/\/juccis.com\/vuokrataan\/wp-json\/wp\/v2\/comments?post=2"}],"version-history":[{"count":13,"href":"https:\/\/juccis.com\/vuokrataan\/wp-json\/wp\/v2\/pages\/2\/revisions"}],"predecessor-version":[{"id":303,"href":"https:\/\/juccis.com\/vuokrataan\/wp-json\/wp\/v2\/pages\/2\/revisions\/303"}],"wp:attachment":[{"href":"https:\/\/juccis.com\/vuokrataan\/wp-json\/wp\/v2\/media?parent=2"}],"curies":[{"name":"wp","href":"https:\/\/api.w.org\/{rel}","templated":true}]}}